{"id":66,"date":"2026-02-21T23:06:59","date_gmt":"2026-02-21T23:06:59","guid":{"rendered":"https:\/\/www.amasing-people.com\/es\/?page_id=66"},"modified":"2026-02-21T23:41:13","modified_gmt":"2026-02-21T23:41:13","slug":"operator-fast-path","status":"publish","type":"page","link":"https:\/\/www.amasing-people.com\/es\/operator-fast-path\/","title":{"rendered":"Info: Operator Fast Path"},"content":{"rendered":"\n<p class=\"has-text-align-right\"><a href=\"https:\/\/www.amasing-people.com\/es\/\" data-type=\"page\" data-id=\"7\">Inicio<\/a> \u00b7 <a href=\"https:\/\/www.amasing-people.com\/es\/events\/\" data-type=\"page\" data-id=\"11\">Events<\/a> \u00b7 <a href=\"https:\/\/www.amasing-people.com\/es\/people\/\" data-type=\"page\" data-id=\"19\">People<\/a> \u00b7 Acceso r\u00e1pido del operador \u00b7 <a href=\"https:\/\/www.amasing-people.com\/es\/about\/\" data-type=\"page\" data-id=\"9\">Acerca de<\/a><\/p>\n\n\n\n<hr class=\"wp-block-separator has-alpha-channel-opacity\"\/>\n\n\n\n<h1 class=\"wp-block-heading\">V\u00eda R\u00e1pida para Operadores<\/h1>\n\n\n\n<h2 class=\"wp-block-heading\">Revisi\u00f3n de Encaje Estrat\u00e9gico (Formulario para Operadores)<\/h2>\n\n\n\n<p><strong>Ya est\u00e1s operando.<\/strong> No necesitas motivaci\u00f3n.<br>Necesitas <strong>se\u00f1al, apalancamiento y un movimiento claro de 30 d\u00edas<\/strong>.<\/p>\n\n\n\n<p>Esta v\u00eda r\u00e1pida es para operadores que pueden describir su realidad con n\u00fameros y comprometerse con un resultado medible.<\/p>\n\n\n\n<blockquote class=\"wp-block-quote is-layout-flow wp-block-quote-is-layout-flow\">\n<p><a href=\"https:\/\/www.amasing-people.com\/es\/operator-fast-path\/intake-form\/\" data-type=\"page\" data-id=\"68\">Solicita una Revisi\u00f3n para Operadores.<\/a><\/p>\n<\/blockquote>\n\n\n\n<h2 class=\"wp-block-heading\">Para qui\u00e9n es esto<\/h2>\n\n\n\n<p>Deber\u00edas solicitarlo si:<\/p>\n\n\n\n<ul class=\"wp-block-list\">\n<li>Est\u00e1s operando activamente un negocio, producto, pr\u00e1ctica o equipo (no solo \u201cplaneando empezar\u201d).<\/li>\n\n\n\n<li>Puedes definir un <strong>resultado de 30 d\u00edas con un n\u00famero<\/strong>.<\/li>\n\n\n\n<li>Quieres eliminar una restricci\u00f3n y ejecutar un movimiento decisivo.<\/li>\n<\/ul>\n\n\n\n<h2 class=\"wp-block-heading\">Para qui\u00e9n NO es esto<\/h2>\n\n\n\n<p>No lo solicites si:<\/p>\n\n\n\n<ul class=\"wp-block-list\">\n<li>Quieres \u201corientaci\u00f3n general\u201d o inspiraci\u00f3n.<\/li>\n\n\n\n<li>No puedes nombrar tu l\u00ednea base actual con n\u00fameros (ingresos\/usuarios\/tiempo\/capacidad).<\/li>\n\n\n\n<li>No est\u00e1s listo para ejecutar en 30 d\u00edas.<\/li>\n<\/ul>\n\n\n\n<p>Si ese es tu caso, usa la <strong>Lista de espera<\/strong> en su lugar.<\/p>\n\n\n\n<blockquote class=\"wp-block-quote is-layout-flow wp-block-quote-is-layout-flow\">\n<p>\u00danete a la Lista de espera<\/p>\n<\/blockquote>\n\n\n\n<h2 class=\"wp-block-heading\">Qu\u00e9 recibes<\/h2>\n\n\n\n<p>Si te aceptan, recibir\u00e1s:<\/p>\n\n\n\n<ul class=\"wp-block-list\">\n<li>Una <strong>Revisi\u00f3n de Encaje Estrat\u00e9gico<\/strong> (breve y enfocada).<\/li>\n\n\n\n<li><strong>Una sola direcci\u00f3n para 30 d\u00edas<\/strong> (qu\u00e9 hacer \/ qu\u00e9 dejar de hacer).<\/li>\n\n\n\n<li>Un <strong>est\u00e1ndar de cumplimiento de acuerdos<\/strong> (c\u00f3mo demuestras tracci\u00f3n).<\/li>\n<\/ul>\n\n\n\n<p>Esto no es terapia. Esto no es una \u201clluvia de ideas\u201d. Esto es una decisi\u00f3n y un siguiente movimiento.<\/p>\n\n\n\n<h2 class=\"wp-block-heading\">C\u00f3mo funciona<\/h2>\n\n\n\n<ol class=\"wp-block-list\">\n<li>Env\u00edas el formulario de abajo (5\u20137 minutos).<\/li>\n\n\n\n<li>Revisamos la <strong>se\u00f1al de operador<\/strong> y el encaje.<\/li>\n\n\n\n<li>Si te aceptan, recibir\u00e1s los siguientes pasos por correo electr\u00f3nico.<\/li>\n<\/ol>\n\n\n\n<p><strong>No respondemos a solicitudes que no cumplen el est\u00e1ndar de operador.<\/strong><br>Eso es deliberado.<\/p>\n\n\n\n<hr class=\"wp-block-separator has-alpha-channel-opacity\"\/>\n\n\n\n<p class=\"has-text-align-center\"><a href=\"https:\/\/www.amasing-people.com\/es\/site-imprint\/\" data-type=\"page\" data-id=\"23\">Identificaci\u00f3n del titular<\/a> \u00b7 <a href=\"https:\/\/www.amasing-people.com\/es\/site-disclaimer\/\" data-type=\"page\" data-id=\"21\">Limitaciones de responsabilidad<\/a> \u00b7 <a href=\"https:\/\/www.amasing-people.com\/es\/info-privacy-policy\/\" data-type=\"page\" data-id=\"25\">Pol\u00edtica de privacidad<\/a><\/p>\n\n\n\n<p><\/p>\n","protected":false},"excerpt":{"rendered":"<p>Inicio \u00b7 Events \u00b7 People \u00b7 Acceso r\u00e1pido del operador \u00b7 Acerca de V\u00eda R\u00e1pida para Operadores Revisi\u00f3n de Encaje Estrat\u00e9gico (Formulario para Operadores) Ya est\u00e1s operando. No necesitas motivaci\u00f3n.Necesitas se\u00f1al, apalancamiento y un movimiento claro de 30 d\u00edas. Esta v\u00eda r\u00e1pida es para operadores que pueden describir su realidad con n\u00fameros y comprometerse con [&hellip;]<\/p>\n","protected":false},"author":1,"featured_media":0,"parent":0,"menu_order":0,"comment_status":"closed","ping_status":"closed","template":"","meta":{"inline_featured_image":false,"_editorskit_title_hidden":true,"_editorskit_reading_time":0,"_editorskit_is_block_options_detached":false,"_editorskit_block_options_position":"{}","footnotes":""},"class_list":["post-66","page","type-page","status-publish","hentry"],"_links":{"self":[{"href":"https:\/\/www.amasing-people.com\/es\/wp-json\/wp\/v2\/pages\/66","targetHints":{"allow":["GET"]}}],"collection":[{"href":"https:\/\/www.amasing-people.com\/es\/wp-json\/wp\/v2\/pages"}],"about":[{"href":"https:\/\/www.amasing-people.com\/es\/wp-json\/wp\/v2\/types\/page"}],"author":[{"embeddable":true,"href":"https:\/\/www.amasing-people.com\/es\/wp-json\/wp\/v2\/users\/1"}],"replies":[{"embeddable":true,"href":"https:\/\/www.amasing-people.com\/es\/wp-json\/wp\/v2\/comments?post=66"}],"version-history":[{"count":3,"href":"https:\/\/www.amasing-people.com\/es\/wp-json\/wp\/v2\/pages\/66\/revisions"}],"predecessor-version":[{"id":73,"href":"https:\/\/www.amasing-people.com\/es\/wp-json\/wp\/v2\/pages\/66\/revisions\/73"}],"wp:attachment":[{"href":"https:\/\/www.amasing-people.com\/es\/wp-json\/wp\/v2\/media?parent=66"}],"curies":[{"name":"wp","href":"https:\/\/api.w.org\/{rel}","templated":true}]}}