{"id":23,"date":"2026-02-12T00:14:56","date_gmt":"2026-02-12T00:14:56","guid":{"rendered":"https:\/\/www.amasing-people.com\/es\/?page_id=23"},"modified":"2026-02-13T01:15:54","modified_gmt":"2026-02-13T01:15:54","slug":"site-imprint","status":"publish","type":"page","link":"https:\/\/www.amasing-people.com\/es\/site-imprint\/","title":{"rendered":"Site: Imprint"},"content":{"rendered":"\n<h1 class=\"wp-block-heading\">Identificaci\u00f3n del titular<\/h1>\n\n\n\n<p>Obligaci\u00f3n de informaci\u00f3n:<\/p>\n\n\n\n<ul class=\"wp-block-list\">\n<li><strong>THE SUCCESS INC<\/strong><\/li>\n\n\n\n<li>ID comercial registrada en South Dakota, EE. UU.: #DB256252<\/li>\n\n\n\n<li>25 First Avenue SW, STE A, Watertown, SD 57201, EE. UU.<\/li>\n\n\n\n<li>Correo electr\u00f3nico: info [at] amasing-people [dot] com<\/li>\n\n\n\n<li>Presidente y CEO: Martin Heiduk<\/li>\n<\/ul>\n\n\n\n<p>De conformidad con el Reglamento sobre la resoluci\u00f3n de litigios en l\u00ednea en materia de consumo (Reglamento ODR), nos gustar\u00eda informarle sobre la plataforma de resoluci\u00f3n de litigios en l\u00ednea (plataforma RLL).<\/p>\n\n\n\n<p>Los consumidores tienen la posibilidad de presentar reclamaciones ante la plataforma de resoluci\u00f3n de litigios en l\u00ednea de la Comisi\u00f3n Europea en <a href=\"http:\/\/ec.europa.eu\/odr\">http:\/\/ec.europa.eu\/odr<\/a>. Los datos de contacto necesarios para ello se encuentran arriba, en nuestro aviso legal.<\/p>\n\n\n\n<p>No obstante, queremos se\u00f1alar que no estamos dispuestos ni obligados a participar en procedimientos de resoluci\u00f3n de litigios ante un organismo de arbitraje de consumo.<\/p>\n","protected":false},"excerpt":{"rendered":"<p>Identificaci\u00f3n del titular Obligaci\u00f3n de informaci\u00f3n: De conformidad con el Reglamento sobre la resoluci\u00f3n de litigios en l\u00ednea en materia de consumo (Reglamento ODR), nos gustar\u00eda informarle sobre la plataforma de resoluci\u00f3n de litigios en l\u00ednea (plataforma RLL). Los consumidores tienen la posibilidad de presentar reclamaciones ante la plataforma de resoluci\u00f3n de litigios en l\u00ednea [&hellip;]<\/p>\n","protected":false},"author":1,"featured_media":0,"parent":0,"menu_order":0,"comment_status":"closed","ping_status":"closed","template":"","meta":{"inline_featured_image":false,"_editorskit_title_hidden":true,"_editorskit_reading_time":0,"_editorskit_is_block_options_detached":false,"_editorskit_block_options_position":"{}","footnotes":""},"class_list":["post-23","page","type-page","status-publish","hentry"],"_links":{"self":[{"href":"https:\/\/www.amasing-people.com\/es\/wp-json\/wp\/v2\/pages\/23","targetHints":{"allow":["GET"]}}],"collection":[{"href":"https:\/\/www.amasing-people.com\/es\/wp-json\/wp\/v2\/pages"}],"about":[{"href":"https:\/\/www.amasing-people.com\/es\/wp-json\/wp\/v2\/types\/page"}],"author":[{"embeddable":true,"href":"https:\/\/www.amasing-people.com\/es\/wp-json\/wp\/v2\/users\/1"}],"replies":[{"embeddable":true,"href":"https:\/\/www.amasing-people.com\/es\/wp-json\/wp\/v2\/comments?post=23"}],"version-history":[{"count":2,"href":"https:\/\/www.amasing-people.com\/es\/wp-json\/wp\/v2\/pages\/23\/revisions"}],"predecessor-version":[{"id":41,"href":"https:\/\/www.amasing-people.com\/es\/wp-json\/wp\/v2\/pages\/23\/revisions\/41"}],"wp:attachment":[{"href":"https:\/\/www.amasing-people.com\/es\/wp-json\/wp\/v2\/media?parent=23"}],"curies":[{"name":"wp","href":"https:\/\/api.w.org\/{rel}","templated":true}]}}