{"id":21,"date":"2026-02-12T00:13:53","date_gmt":"2026-02-12T00:13:53","guid":{"rendered":"https:\/\/www.amasing-people.com\/es\/?page_id=21"},"modified":"2026-02-13T01:15:31","modified_gmt":"2026-02-13T01:15:31","slug":"site-disclaimer","status":"publish","type":"page","link":"https:\/\/www.amasing-people.com\/es\/site-disclaimer\/","title":{"rendered":"Site: Disclaimer"},"content":{"rendered":"\n<h1 class=\"wp-block-heading\">Limitaciones de responsabilidad<\/h1>\n\n\n\n<h2 class=\"wp-block-heading\">Resoluci\u00f3n de litigios<\/h2>\n\n\n\n<p>La Comisi\u00f3n Europea facilita una plataforma para la resoluci\u00f3n de litigios en l\u00ednea (RLL): <a href=\"https:\/\/ec.europa.eu\/consumers\/odr\">https:\/\/ec.europa.eu\/consumers\/odr<\/a>.<\/p>\n\n\n\n<p>Encontrar\u00e1 nuestra direcci\u00f3n de correo electr\u00f3nico en el <a href=\"https:\/\/www.amasing-people.com\/es\/site-imprint\/\" data-type=\"page\" data-id=\"23\">aviso legal<\/a>.<\/p>\n\n\n\n<p>No estamos dispuestos ni obligados a participar en procedimientos de resoluci\u00f3n de litigios ante un organismo de arbitraje de consumo.<\/p>\n\n\n\n<h2 class=\"wp-block-heading\">Responsabilidad por los contenidos<\/h2>\n\n\n\n<p>Como proveedor de servicios, somos responsables de los contenidos propios de estas p\u00e1ginas conforme a las leyes generales. No obstante, como proveedor de servicios no estamos obligados a supervisar la informaci\u00f3n ajena transmitida o almacenada, ni a investigar circunstancias que indiquen una actividad il\u00edcita.<\/p>\n\n\n\n<p>Esto no afecta a las obligaciones de eliminar o bloquear el uso de informaci\u00f3n conforme a las leyes generales. Sin embargo, la responsabilidad al respecto solo es posible a partir del momento en que se tenga conocimiento de una infracci\u00f3n concreta. En cuanto tengamos conocimiento de infracciones correspondientes, eliminaremos dichos contenidos de inmediato.<\/p>\n\n\n\n<h2 class=\"wp-block-heading\">Responsabilidad por los enlaces<\/h2>\n\n\n\n<p>Nuestra oferta contiene enlaces a sitios web externos de terceros sobre cuyos contenidos no tenemos influencia. Por ello, no podemos asumir ninguna garant\u00eda por dichos contenidos ajenos. El proveedor u operador de las p\u00e1ginas enlazadas es siempre responsable de sus contenidos. Las p\u00e1ginas enlazadas fueron revisadas en el momento de la inclusi\u00f3n del enlace para detectar posibles infracciones legales. En el momento de la inclusi\u00f3n del enlace no se detectaron contenidos il\u00edcitos.<\/p>\n\n\n\n<p>No obstante, no es razonable exigir un control permanente del contenido de las p\u00e1ginas enlazadas sin indicios concretos de una infracci\u00f3n legal. Si tuvi\u00e9ramos conocimiento de infracciones legales, eliminaremos dichos enlaces de inmediato.<\/p>\n\n\n\n<h2 class=\"wp-block-heading\">Derechos de autor<\/h2>\n\n\n\n<p>Los contenidos y obras creados por los operadores de estas p\u00e1ginas est\u00e1n sujetos a la legislaci\u00f3n austr\u00edaca de derechos de autor. La reproducci\u00f3n, edici\u00f3n, distribuci\u00f3n y cualquier tipo de explotaci\u00f3n fuera de los l\u00edmites del derecho de autor requieren el consentimiento por escrito del autor o creador correspondiente. Las descargas y copias de este sitio solo est\u00e1n permitidas para uso privado y no comercial.<\/p>\n\n\n\n<p>En la medida en que los contenidos de este sitio no hayan sido creados por el operador, se respetan los derechos de autor de terceros. En particular, los contenidos de terceros se identifican como tales. Si, aun as\u00ed, llegara a tener conocimiento de una infracci\u00f3n de derechos de autor, le rogamos que nos lo comunique. En cuanto tengamos conocimiento de infracciones, eliminaremos dichos contenidos de inmediato.<\/p>\n","protected":false},"excerpt":{"rendered":"<p>Limitaciones de responsabilidad Resoluci\u00f3n de litigios La Comisi\u00f3n Europea facilita una plataforma para la resoluci\u00f3n de litigios en l\u00ednea (RLL): https:\/\/ec.europa.eu\/consumers\/odr. Encontrar\u00e1 nuestra direcci\u00f3n de correo electr\u00f3nico en el aviso legal. No estamos dispuestos ni obligados a participar en procedimientos de resoluci\u00f3n de litigios ante un organismo de arbitraje de consumo. Responsabilidad por los contenidos [&hellip;]<\/p>\n","protected":false},"author":1,"featured_media":0,"parent":0,"menu_order":0,"comment_status":"closed","ping_status":"closed","template":"","meta":{"inline_featured_image":false,"_editorskit_title_hidden":true,"_editorskit_reading_time":0,"_editorskit_is_block_options_detached":false,"_editorskit_block_options_position":"{}","footnotes":""},"class_list":["post-21","page","type-page","status-publish","hentry"],"_links":{"self":[{"href":"https:\/\/www.amasing-people.com\/es\/wp-json\/wp\/v2\/pages\/21","targetHints":{"allow":["GET"]}}],"collection":[{"href":"https:\/\/www.amasing-people.com\/es\/wp-json\/wp\/v2\/pages"}],"about":[{"href":"https:\/\/www.amasing-people.com\/es\/wp-json\/wp\/v2\/types\/page"}],"author":[{"embeddable":true,"href":"https:\/\/www.amasing-people.com\/es\/wp-json\/wp\/v2\/users\/1"}],"replies":[{"embeddable":true,"href":"https:\/\/www.amasing-people.com\/es\/wp-json\/wp\/v2\/comments?post=21"}],"version-history":[{"count":3,"href":"https:\/\/www.amasing-people.com\/es\/wp-json\/wp\/v2\/pages\/21\/revisions"}],"predecessor-version":[{"id":40,"href":"https:\/\/www.amasing-people.com\/es\/wp-json\/wp\/v2\/pages\/21\/revisions\/40"}],"wp:attachment":[{"href":"https:\/\/www.amasing-people.com\/es\/wp-json\/wp\/v2\/media?parent=21"}],"curies":[{"name":"wp","href":"https:\/\/api.w.org\/{rel}","templated":true}]}}