{"id":19,"date":"2026-02-12T00:13:11","date_gmt":"2026-02-12T00:13:11","guid":{"rendered":"https:\/\/www.amasing-people.com\/es\/?page_id=19"},"modified":"2026-03-20T05:53:45","modified_gmt":"2026-03-20T05:53:45","slug":"people","status":"publish","type":"page","link":"https:\/\/www.amasing-people.com\/es\/people\/","title":{"rendered":"Info: People"},"content":{"rendered":"\n<p class=\"has-text-align-right\"><a href=\"https:\/\/www.amasing-people.com\/es\/\" data-type=\"page\" data-id=\"7\">Inicio<\/a> \u00b7 <a href=\"https:\/\/www.amasing-people.com\/es\/events\/\" data-type=\"page\" data-id=\"11\">Events<\/a> \u00b7 People \u00b7 <a href=\"https:\/\/www.amasing-people.com\/es\/operator-fast-path\/\" data-type=\"page\" data-id=\"66\">Acceso r\u00e1pido del operador<\/a> \u00b7 <a href=\"https:\/\/www.amasing-people.com\/es\/about\/\" data-type=\"page\" data-id=\"9\">Acerca de<\/a><\/p>\n\n\n\n<hr class=\"wp-block-separator has-alpha-channel-opacity\"\/>\n\n\n\n<h1 class=\"wp-block-heading\">People<\/h1>\n\n\n\n<p><strong>Entra para contribuir, no para actuar.<\/strong><br>Estas son las personas que llevan la se\u00f1al en <strong>AMASING PEOPLE<\/strong>: invitados, socios, ponentes, constructores \u2014 personas a las que puedes <strong>orientarte<\/strong>.<\/p>\n\n\n\n<p>Esta p\u00e1gina es un <strong>directorio vivo<\/strong>. No celebridad. No estatus.<br><strong>Resonancia, no reclutamiento.<\/strong><\/p>\n\n\n\n<h2 class=\"wp-block-heading\">Qu\u00e9 encontrar\u00e1s aqu\u00ed<\/h2>\n\n\n\n<p>Cada perfil es un faro: una se\u00f1al clara con la que puedes conectar, de la que puedes aprender y \u2014 cuando corresponda \u2014 a la que puedes contactar.<\/p>\n\n\n\n<p>Los perfiles pueden incluir:<\/p>\n\n\n\n<ul class=\"wp-block-list\">\n<li>lo que defienden \/ lo que construyen,<\/li>\n\n\n\n<li>temas con los que trabajan,<\/li>\n\n\n\n<li>enlaces (web, redes, reserva\/contacto).<\/li>\n<\/ul>\n\n\n\n<h2 class=\"wp-block-heading\">El pacto detr\u00e1s de este campo<\/h2>\n\n\n\n<p>La transformaci\u00f3n empieza cuando te ves con claridad.<br>Cuando tu prop\u00f3sito se encuentra con otros, emerge la contribuci\u00f3n. Cuando la contribuci\u00f3n circula, nace la pertenencia.<\/p>\n\n\n\n<p>Por eso People importa: es donde <strong>tu prop\u00f3sito se encuentra con otros<\/strong> \u2014 sin hype y sin coerci\u00f3n.<\/p>\n\n\n\n<h2 class=\"wp-block-heading\">C\u00f3mo usar el directorio (para que no se convierta en teatro de navegaci\u00f3n)<\/h2>\n\n\n\n<p>Elige una opci\u00f3n:<\/p>\n\n\n\n<h3 class=\"wp-block-heading\">1) Encuentra a una persona por tema<\/h3>\n\n\n\n<p>Si ya sabes en qu\u00e9 est\u00e1s trabajando (estrategia, cadencia de trabajo profundo, acuerdos, regeneraci\u00f3n, alianzas), busca o filtra y elige a una persona para seguir.<\/p>\n\n\n\n<h3 class=\"wp-block-heading\">2) Sigue el campo a trav\u00e9s de episodios<\/h3>\n\n\n\n<p>Si prefieres primero el contexto, empieza con el podcast y luego conoce a los invitados detr\u00e1s del trabajo.<\/p>\n\n\n\n<ul class=\"wp-block-list\">\n<li><a href=\"https:\/\/www.amasing-people.com\/es\/events\/podcast\/\" data-type=\"page\" data-id=\"15\">Ir al podcast.<\/a><\/li>\n\n\n\n<li><a href=\"https:\/\/www.amasing-people.com\/es\/webfilter\/browse-episodes\/\">Ver episodios.<\/a><\/li>\n<\/ul>\n\n\n\n<h3 class=\"wp-block-heading\">3) Conoce aliados en Amasingness Days<\/h3>\n\n\n\n<p>Si quieres circulaci\u00f3n real, entra en la forja donde la gente realmente se encuentra y se compromete.<\/p>\n\n\n\n<ul class=\"wp-block-list\">\n<li><a href=\"https:\/\/www.amasing-people.com\/es\/events\/amasingness-days\/\" data-type=\"page\" data-id=\"13\">Sobre Amasingness Days.<\/a><\/li>\n<\/ul>\n\n\n\n\n<div class=\"wp-block-buttons is-layout-flex wp-block-buttons-is-layout-flex\">\n<div class=\"wp-block-simply-popups-button wp-block-button\"><a data-toggle=\"modal\" data-bs-toggle=\"modal\" data-target=\"#simply-popups-0\" data-bs-target=\"#simply-popups-0\" class=\"wp-block-simply-popups-button__link wp-block-button__link wp-element-button\">\u00danete a la lista de espera.<\/a><\/div>\n<\/div>\n\n\n\n\n\n\n<h2 class=\"wp-block-heading\">Est\u00e1ndares (silenciosos, reales)<\/h2>\n\n\n\n<p>No a\u00f1adimos brillo; revelamos coherencia. Subimos los est\u00e1ndares, no el volumen.<br>Si alguien aparece aqu\u00ed, la intenci\u00f3n es simple: <strong>calidad de se\u00f1al + contribuci\u00f3n<\/strong>.<\/p>\n\n\n\n<h2 class=\"wp-block-heading\">Explora People<\/h2>\n\n\n\n<blockquote class=\"wp-block-quote is-layout-flow wp-block-quote-is-layout-flow\">\n<p><a href=\"https:\/\/www.amasing-people.com\/es\/webfilter\/browse-people\/\">Explorar personas.<\/a><\/p>\n<\/blockquote>\n\n\n\n<hr class=\"wp-block-separator has-alpha-channel-opacity\"\/>\n\n\n\n<p class=\"has-text-align-center\"><a href=\"https:\/\/www.amasing-people.com\/es\/site-imprint\/\" data-type=\"page\" data-id=\"23\">Identificaci\u00f3n del titular<\/a> \u00b7 <a href=\"https:\/\/www.amasing-people.com\/es\/site-disclaimer\/\" data-type=\"page\" data-id=\"21\">Limitaciones de responsabilidad<\/a> \u00b7 <a href=\"https:\/\/www.amasing-people.com\/es\/info-privacy-policy\/\" data-type=\"page\" data-id=\"25\">Pol\u00edtica de privacidad<\/a><\/p>\n","protected":false},"excerpt":{"rendered":"<p>Inicio \u00b7 Events \u00b7 People \u00b7 Acceso r\u00e1pido del operador \u00b7 Acerca de People Entra para contribuir, no para actuar.Estas son las personas que llevan la se\u00f1al en AMASING PEOPLE: invitados, socios, ponentes, constructores \u2014 personas a las que puedes orientarte. Esta p\u00e1gina es un directorio vivo. No celebridad. No estatus.Resonancia, no reclutamiento. Qu\u00e9 encontrar\u00e1s [&hellip;]<\/p>\n","protected":false},"author":1,"featured_media":0,"parent":0,"menu_order":0,"comment_status":"closed","ping_status":"closed","template":"","meta":{"inline_featured_image":false,"_editorskit_title_hidden":true,"_editorskit_reading_time":0,"_editorskit_is_block_options_detached":false,"_editorskit_block_options_position":"{}","footnotes":""},"class_list":["post-19","page","type-page","status-publish","hentry"],"_links":{"self":[{"href":"https:\/\/www.amasing-people.com\/es\/wp-json\/wp\/v2\/pages\/19","targetHints":{"allow":["GET"]}}],"collection":[{"href":"https:\/\/www.amasing-people.com\/es\/wp-json\/wp\/v2\/pages"}],"about":[{"href":"https:\/\/www.amasing-people.com\/es\/wp-json\/wp\/v2\/types\/page"}],"author":[{"embeddable":true,"href":"https:\/\/www.amasing-people.com\/es\/wp-json\/wp\/v2\/users\/1"}],"replies":[{"embeddable":true,"href":"https:\/\/www.amasing-people.com\/es\/wp-json\/wp\/v2\/comments?post=19"}],"version-history":[{"count":8,"href":"https:\/\/www.amasing-people.com\/es\/wp-json\/wp\/v2\/pages\/19\/revisions"}],"predecessor-version":[{"id":295,"href":"https:\/\/www.amasing-people.com\/es\/wp-json\/wp\/v2\/pages\/19\/revisions\/295"}],"wp:attachment":[{"href":"https:\/\/www.amasing-people.com\/es\/wp-json\/wp\/v2\/media?parent=19"}],"curies":[{"name":"wp","href":"https:\/\/api.w.org\/{rel}","templated":true}]}}