{"id":11,"date":"2026-02-12T00:08:30","date_gmt":"2026-02-12T00:08:30","guid":{"rendered":"https:\/\/www.amasing-people.com\/es\/?page_id=11"},"modified":"2026-03-20T05:51:27","modified_gmt":"2026-03-20T05:51:27","slug":"events","status":"publish","type":"page","link":"https:\/\/www.amasing-people.com\/es\/events\/","title":{"rendered":"Info: Events"},"content":{"rendered":"\n<p class=\"has-text-align-right\"><a href=\"https:\/\/www.amasing-people.com\/es\/\" data-type=\"page\" data-id=\"7\">Inicio<\/a> \u00b7 Events \u00b7 <a href=\"https:\/\/www.amasing-people.com\/es\/people\/\" data-type=\"page\" data-id=\"19\">People<\/a> \u00b7 <a href=\"https:\/\/www.amasing-people.com\/es\/operator-fast-path\/\" data-type=\"page\" data-id=\"66\">Acceso r\u00e1pido del operador<\/a> \u00b7 <a href=\"https:\/\/www.amasing-people.com\/es\/about\/\" data-type=\"page\" data-id=\"9\">Acerca de<\/a><\/p>\n\n\n\n<hr class=\"wp-block-separator has-alpha-channel-opacity\"\/>\n\n\n\n<h1 class=\"wp-block-heading\">Events<\/h1>\n\n\n\n<p><strong>Nosotros convocamos el campo. T\u00fa haces el trabajo.<\/strong><br>Formatos de precisi\u00f3n que convierten la resonancia en alianzas y acci\u00f3n.<\/p>\n\n\n\n<p>Esto no va de alcance. Va de <strong>est\u00e1ndares, coherencia y contribuci\u00f3n<\/strong>.<\/p>\n\n\n\n<h2 class=\"wp-block-heading\">Dos formatos. Una arquitectura.<\/h2>\n\n\n\n<p>Los eventos de <strong>THE AMASING PEOPLE<\/strong> se centran en <strong>hacer<\/strong>:<\/p>\n\n\n\n<h3 class=\"wp-block-heading\">1) The Amasing Field Podcast<\/h3>\n\n\n\n<p>El podcast marca la frecuencia: <strong>una idea que importa, una prueba en la que puedes confiar, una pr\u00e1ctica que puedes aplicar<\/strong>.<br>No es un programa de entrevistas. Es una <strong>transmisi\u00f3n de precisi\u00f3n<\/strong>:<\/p>\n\n\n\n<ul class=\"wp-block-list\">\n<li><a href=\"https:\/\/www.amasing-people.com\/es\/events\/podcast\/\" data-type=\"page\" data-id=\"15\">Ir al podcast.<\/a><\/li>\n\n\n\n<li><a href=\"https:\/\/www.amasing-people.com\/es\/webfilter\/browse-episodes\/\">Ver episodios.<\/a><\/li>\n<\/ul>\n\n\n\n<h3 class=\"wp-block-heading\">2) Amasingness Days<\/h3>\n\n\n\n<p>Amasingness Days forja alianzas: <strong>charlas, talleres y co-creaci\u00f3n que mantienen la energ\u00eda en circulaci\u00f3n<\/strong>.<br>No es una conferencia; es una <strong>forja<\/strong>:<\/p>\n\n\n\n<ul class=\"wp-block-list\">\n<li><a href=\"https:\/\/www.amasing-people.com\/es\/events\/amasingness-days\/\" data-type=\"page\" data-id=\"13\">Sobre Amasingness Days.<\/a><\/li>\n<\/ul>\n\n\n\n\n<div class=\"wp-block-buttons is-layout-flex wp-block-buttons-is-layout-flex\">\n<div class=\"wp-block-simply-popups-button wp-block-button\"><a data-toggle=\"modal\" data-bs-toggle=\"modal\" data-target=\"#simply-popups-0\" data-bs-target=\"#simply-popups-0\" class=\"wp-block-simply-popups-button__link wp-block-button__link wp-element-button\">\u00danete a la lista de espera.<\/a><\/div>\n<\/div>\n\n\n\n\n\n\n<h2 class=\"wp-block-heading\">Por qu\u00e9 existen estos eventos<\/h2>\n\n\n\n<p>Despu\u00e9s de la inspiraci\u00f3n, la energ\u00eda se fuga. Lo evitamos moviendo:<\/p>\n\n\n\n<p><strong>Campo \u2192 Flujo \u2192 Forma<\/strong><\/p>\n\n\n\n<ul class=\"wp-block-list\">\n<li><strong>Campo:<\/strong> base compartida \u2014 claridad, \u00e9tica, est\u00e1ndares.<\/li>\n\n\n\n<li><strong>Flujo:<\/strong> circulaci\u00f3n \u2014 di\u00e1logo, confianza en grupos peque\u00f1os, encuentro real.<\/li>\n\n\n\n<li><strong>Forma:<\/strong> artefactos \u2014 compromisos, planes, documentos, prototipos que puedes mostrar.<\/li>\n<\/ul>\n\n\n\n<p><strong>Resultado:<\/strong> un impulso que se multiplica y deja un rastro que puedes demostrar.<\/p>\n\n\n\n<h2 class=\"wp-block-heading\">Para qui\u00e9n es esto<\/h2>\n\n\n\n<p>Expertos, fundadores, l\u00edderes, innovadores y tejedores de sistemas que prefieren:<\/p>\n\n\n\n<ul class=\"wp-block-list\">\n<li><strong>\u00e9tica por encima de la teatralidad<\/strong><\/li>\n\n\n\n<li><strong>est\u00e1ndares por encima del ruido<\/strong><\/li>\n\n\n\n<li><strong>evidencia por encima de la pose<\/strong><\/li>\n<\/ul>\n\n\n\n<p>Si reconoces el ethos de <strong>THE AMASING PEOPLE<\/strong>, est\u00e1s en casa.<\/p>\n\n\n\n<h2 class=\"wp-block-heading\">Qu\u00e9 puedes esperar<\/h2>\n\n\n\n<ul class=\"wp-block-list\">\n<li><strong>Claridad:<\/strong> prop\u00f3sito definido antes de escalar.<\/li>\n\n\n\n<li><strong>Disciplina:<\/strong> h\u00e1bitos que hacen que el flujo sea fiable.<\/li>\n\n\n\n<li><strong>Prueba:<\/strong> artefactos visibles, m\u00e9tricas simples, sin hype.<\/li>\n\n\n\n<li><strong>Pertenencia:<\/strong> una tribu alineada en valores que trabaja en conjunto.<\/li>\n<\/ul>\n\n\n\n<h2 class=\"wp-block-heading\">Elige tu punto de entrada<\/h2>\n\n\n\n<h3 class=\"wp-block-heading\">Entra por el podcast<\/h3>\n\n\n\n<p>Entra en el campo e instala la pr\u00e1ctica.<\/p>\n\n\n\n<ul class=\"wp-block-list\">\n<li><a href=\"https:\/\/www.amasing-people.com\/es\/events\/podcast\/\" data-type=\"page\" data-id=\"15\">Ir al podcast.<\/a><\/li>\n\n\n\n<li><a href=\"https:\/\/www.amasing-people.com\/es\/webfilter\/browse-episodes\/\">Ver episodios.<\/a><\/li>\n<\/ul>\n\n\n\n<h3 class=\"wp-block-heading\">Entra por Amasingness Days<\/h3>\n\n\n\n<p>Entra en la forja donde los aliados realmente se encuentran y el impulso se convierte en estructura.<\/p>\n\n\n\n<ul class=\"wp-block-list\">\n<li><a href=\"https:\/\/www.amasing-people.com\/es\/events\/amasingness-days\/\" data-type=\"page\" data-id=\"13\">Sobre Amasingness Days.<\/a><\/li>\n<\/ul>\n\n\n\n\n<div class=\"wp-block-buttons is-layout-flex wp-block-buttons-is-layout-flex\">\n<div class=\"wp-block-simply-popups-button wp-block-button\"><a data-toggle=\"modal\" data-bs-toggle=\"modal\" data-target=\"#simply-popups-1\" data-bs-target=\"#simply-popups-1\" class=\"wp-block-simply-popups-button__link wp-block-button__link wp-element-button\">\u00danete a la lista de espera.<\/a><\/div>\n<\/div>\n\n\n\n\n\n\n<h2 class=\"wp-block-heading\">Qu\u00e9date en el campo<\/h2>\n\n\n\n<p>Actualizaciones breves y esenciales \u2014 nuevos episodios, pr\u00f3ximas sesiones y una pr\u00e1ctica para aplicar.<\/p>\n\n\n\n<blockquote class=\"wp-block-quote is-layout-flow wp-block-quote-is-layout-flow\">\n\n<div class=\"wp-block-buttons is-layout-flex wp-block-buttons-is-layout-flex\">\n<div class=\"wp-block-simply-popups-button wp-block-button\"><a data-toggle=\"modal\" data-bs-toggle=\"modal\" data-target=\"#simply-popups-2\" data-bs-target=\"#simply-popups-2\" class=\"wp-block-simply-popups-button__link wp-block-button__link wp-element-button\">Suscr\u00edbete.<\/a><\/div>\n<\/div>\n\n\n\n<\/blockquote>\n\n\n\n<hr class=\"wp-block-separator has-alpha-channel-opacity\"\/>\n\n\n\n<p class=\"has-text-align-center\"><a href=\"https:\/\/www.amasing-people.com\/es\/site-imprint\/\" data-type=\"page\" data-id=\"23\">Identificaci\u00f3n del titular<\/a> \u00b7 <a href=\"https:\/\/www.amasing-people.com\/es\/site-disclaimer\/\" data-type=\"page\" data-id=\"21\">Limitaciones de responsabilidad<\/a> \u00b7 <a href=\"https:\/\/www.amasing-people.com\/es\/info-privacy-policy\/\" data-type=\"page\" data-id=\"25\">Pol\u00edtica de privacidad<\/a><\/p>\n","protected":false},"excerpt":{"rendered":"<p>Inicio \u00b7 Events \u00b7 People \u00b7 Acceso r\u00e1pido del operador \u00b7 Acerca de Events Nosotros convocamos el campo. T\u00fa haces el trabajo.Formatos de precisi\u00f3n que convierten la resonancia en alianzas y acci\u00f3n. Esto no va de alcance. Va de est\u00e1ndares, coherencia y contribuci\u00f3n. Dos formatos. Una arquitectura. Los eventos de THE AMASING PEOPLE se centran [&hellip;]<\/p>\n","protected":false},"author":1,"featured_media":0,"parent":0,"menu_order":0,"comment_status":"closed","ping_status":"closed","template":"","meta":{"inline_featured_image":false,"_editorskit_title_hidden":true,"_editorskit_reading_time":0,"_editorskit_is_block_options_detached":false,"_editorskit_block_options_position":"{}","footnotes":""},"class_list":["post-11","page","type-page","status-publish","hentry"],"_links":{"self":[{"href":"https:\/\/www.amasing-people.com\/es\/wp-json\/wp\/v2\/pages\/11","targetHints":{"allow":["GET"]}}],"collection":[{"href":"https:\/\/www.amasing-people.com\/es\/wp-json\/wp\/v2\/pages"}],"about":[{"href":"https:\/\/www.amasing-people.com\/es\/wp-json\/wp\/v2\/types\/page"}],"author":[{"embeddable":true,"href":"https:\/\/www.amasing-people.com\/es\/wp-json\/wp\/v2\/users\/1"}],"replies":[{"embeddable":true,"href":"https:\/\/www.amasing-people.com\/es\/wp-json\/wp\/v2\/comments?post=11"}],"version-history":[{"count":8,"href":"https:\/\/www.amasing-people.com\/es\/wp-json\/wp\/v2\/pages\/11\/revisions"}],"predecessor-version":[{"id":293,"href":"https:\/\/www.amasing-people.com\/es\/wp-json\/wp\/v2\/pages\/11\/revisions\/293"}],"wp:attachment":[{"href":"https:\/\/www.amasing-people.com\/es\/wp-json\/wp\/v2\/media?parent=11"}],"curies":[{"name":"wp","href":"https:\/\/api.w.org\/{rel}","templated":true}]}}