{"id":25,"date":"2026-02-12T00:05:17","date_gmt":"2026-02-12T00:05:17","guid":{"rendered":"https:\/\/www.amasing-people.com\/de\/?page_id=25"},"modified":"2026-02-13T01:37:06","modified_gmt":"2026-02-13T01:37:06","slug":"site-privacy-policy","status":"publish","type":"page","link":"https:\/\/www.amasing-people.com\/de\/site-privacy-policy\/","title":{"rendered":"Site: Privacy Policy"},"content":{"rendered":"\n<h1 class=\"wp-block-heading\">Datenschutzerkl\u00e4rung<\/h1>\n\n\n\n<h2 class=\"wp-block-heading\">Datenschutz<\/h2>\n\n\n\n<p>Wir haben diese Datenschutzerkl\u00e4rung verfasst, um Ihnen gem\u00e4\u00df der Vorgaben der Datenschutz-Grundverordnung (EU) 2016\/679 und dem Datenschutzgesetz (DSG) zu erkl\u00e4ren, welche Informationen wir sammeln, wie wir Daten verwenden und welche Entscheidungsm\u00f6glichkeiten Sie als Besucher dieser Webseite haben.<\/p>\n\n\n\n<p>Leider liegt es in der Natur der Sache, dass diese Erkl\u00e4rungen sehr technisch klingen, wir haben uns bei der Erstellung jedoch bem\u00fcht die wichtigsten Dinge so einfach und klar wie m\u00f6glich zu beschreiben.<\/p>\n\n\n\n<h2 class=\"wp-block-heading\">Automatische Datenspeicherung<\/h2>\n\n\n\n<p>Wenn Sie heutzutage Webseiten besuchen, werden gewisse Informationen automatisch erstellt und gespeichert, so auch auf dieser Webseite.<\/p>\n\n\n\n<p>Wenn Sie unsere Webseite so wie jetzt gerade besuchen, speichert unser Webserver (Computer auf dem diese Webseite gespeichert ist) automatisch Daten wie<\/p>\n\n\n\n<ul class=\"wp-block-list\">\n<li>die Adresse (URL) der aufgerufenen Webseite<\/li>\n\n\n\n<li>Browser und Browserversion<\/li>\n\n\n\n<li>das verwendete Betriebssystem<\/li>\n\n\n\n<li>die Adresse (URL) der zuvor besuchten Seite (Referrer URL)<\/li>\n\n\n\n<li>den Hostname und die IP-Adresse des Ger\u00e4ts von welchem aus zugegriffen wird Datum und Uhrzeit<\/li>\n<\/ul>\n\n\n\n<p>in Dateien (Webserver-Logfiles).<\/p>\n\n\n\n<p>In der Regel werden Webserver-Logfiles zwei Wochen gespeichert und danach automatisch gel\u00f6scht. Wir geben diese Daten nicht weiter, k\u00f6nnen jedoch nicht ausschlie\u00dfen, dass diese Daten beim Vorliegen von rechtswidrigem Verhalten eingesehen werden.<\/p>\n\n\n\n<p>Die Rechtsgrundlage besteht nach Artikel 6 Absatz 1 f DSGVO (Rechtm\u00e4\u00dfigkeit der Verarbeitung) darin, dass berechtigtes Interesse daran besteht, den fehlerfreien Betrieb dieser Webseite durch das Erfassen von Webserver-Logfiles zu erm\u00f6glichen.<\/p>\n\n\n\n<h2 class=\"wp-block-heading\">Speicherung pers\u00f6nlicher Daten<\/h2>\n\n\n\n<p>Pers\u00f6nliche Daten, die Sie uns auf dieser Website elektronisch \u00fcbermitteln, wie zum Beispiel Name, E-Mail-Adresse, Adresse oder andere pers\u00f6nlichen Angaben im Rahmen der \u00dcbermittlung eines Formulars oder Kommentaren im Blog, werden von uns gemeinsam mit dem Zeitpunkt und der IP-Adresse nur zum jeweils angegebenen Zweck verwendet, sicher verwahrt und nicht an Dritte weitergegeben.<\/p>\n\n\n\n<p>Wir nutzen Ihre pers\u00f6nlichen Daten somit nur f\u00fcr die Kommunikation mit jenen Besuchern, die Kontakt ausdr\u00fccklich w\u00fcnschen und f\u00fcr die Abwicklung der auf dieser Webseite angebotenen Dienstleistungen und Produkte. Wir geben Ihre pers\u00f6nlichen Daten ohne Zustimmung nicht weiter, k\u00f6nnen jedoch nicht ausschlie\u00dfen, dass diese Daten beim Vorliegen von rechtswidrigem Verhalten eingesehen werden.<\/p>\n\n\n\n<p>Wenn Sie uns pers\u00f6nliche Daten per E-Mail schicken \u2013 somit abseits dieser Webseite \u2013 k\u00f6nnen wir keine sichere \u00dcbertragung und den Schutz Ihrer Daten garantieren. Wir empfehlen Ihnen, vertrauliche Daten niemals unverschl\u00fcsselt per E-Mail zu \u00fcbermitteln.<\/p>\n\n\n\n<p>Die Rechtsgrundlage besteht nach Artikel 6 Absatz 1 a DSGVO (Rechtm\u00e4\u00dfigkeit der Verarbeitung) darin, dass Sie uns die Einwilligung zur Verarbeitung der von Ihnen eingegebenen Daten geben. Sie k\u00f6nnen diesen Einwilligung jederzeit widerrufen \u2013 eine formlose E-Mail reicht aus, Sie finden unsere Kontaktdaten im Impressum.<\/p>\n\n\n\n<h2 class=\"wp-block-heading\">Rechte laut Datenschutzgrundverordnung<\/h2>\n\n\n\n<p>Ihnen stehen laut den Bestimmungen der DSGVO und des \u00f6sterreichischen Datenschutzgesetzes (DSG) grunds\u00e4tzlich die folgende Rechte zu:<\/p>\n\n\n\n<ul class=\"wp-block-list\">\n<li>Recht auf Auskunft und Best\u00e4tigung (Artikel 15 DSGVO)<\/li>\n\n\n\n<li>Recht auf Berichtigung (Artikel 16 DSGVO)<\/li>\n\n\n\n<li>Recht auf L\u00f6schung (\u201eRecht auf Vergessenwerden\u201c) (Artikel 17 DSGVO)<\/li>\n\n\n\n<li>Recht auf Einschr\u00e4nkung der Verarbeitung (Artikel 18 DSGVO)<\/li>\n\n\n\n<li>Recht auf Benachrichtigung \u2013 Mitteilungspflicht im Zusammenhang mit der Berichtigung oder L\u00f6schung personenbezogener Daten oder der Einschr\u00e4nkung der Verarbeitung (Artikel 19 DSGVO)<\/li>\n\n\n\n<li>Recht auf Daten\u00fcbertragbarkeit (Artikel 20 DSGVO)<\/li>\n\n\n\n<li>Widerspruchsrecht (Artikel 21 DSGVO)<\/li>\n\n\n\n<li>Recht, nicht einer ausschlie\u00dflich auf einer automatisierten Verarbeitung \u2014 einschlie\u00dflich Profiling \u2014 beruhenden Entscheidung unterworfen zu werden (Artikel 22 DSGVO)<\/li>\n<\/ul>\n\n\n\n<p>Wenn Sie Fragen oder Bedenken zu unseren Datenschutzpraktiken haben, kontaktieren Sie uns bitte \u00fcber die unten aufgef\u00fchrten Kontaktdaten. Wenn Sie der Ansicht sind, dass wir Ihr Anliegen nicht angemessen behandelt haben, k\u00f6nnen Sie au\u00dferdem eine Beschwerde bei der US-amerikanischen Federal Trade Commission (FTC) und\/oder der Verbraucherschutzbeh\u00f6rde Ihres Bundesstaates einreichen, beispielsweise beim B\u00fcro des Generalstaatsanwalts Ihres Bundesstaates.<\/p>\n\n\n\n<h2 class=\"wp-block-heading\">Name und Anschrift des f\u00fcr die Verarbeitung Verantwortlichen<\/h2>\n\n\n\n<p>Verantwortlicher im Sinne der Datenschutz-Grundverordnung, sonstiger in den Mitgliedstaaten der Europ\u00e4ischen Union geltenden Datenschutzgesetze und anderer Bestimmungen mit datenschutzrechtlichem Charakter ist die:<\/p>\n\n\n\n<ul class=\"wp-block-list\">\n<li>THE SUCCESS INC<\/li>\n\n\n\n<li>Registrierte Business-ID in South Dakota, USA: #DB256252<\/li>\n\n\n\n<li>25 First Avenue SW, STE A, Watertown, SD 57201, USA<\/li>\n\n\n\n<li>E-Mail: info [at] amasing-people [dot] com<\/li>\n<\/ul>\n\n\n\n<h2 class=\"wp-block-heading\">TLS-Verschl\u00fcsselung mit https<\/h2>\n\n\n\n<p>Wir verwenden https um Daten abh\u00f6rsicher im Internet zu \u00fcbertragen (Datenschutz durch Technikgestaltung Artikel 25 Absatz 1 DSGVO). Durch den Einsatz von TLS (Transport Layer Security), einem Verschl\u00fcsselungsprotokoll zur sicheren Daten\u00fcbertragung im Internet k\u00f6nnen wir den Schutz vertraulicher Daten sicherstellen. Sie erkennen die Benutzung dieser Absicherung der Daten\u00fcbertragung am kleinen Schlo\u00dfsymbol links oben im Browser und der Verwendung des Schemas https (anstatt http) als Teil unserer Internetadresse.<\/p>\n\n\n\n<h2 class=\"wp-block-heading\">Cookies<\/h2>\n\n\n\n<p>Unsere Website verwendet HTTP-Cookies um nutzerspezifische Daten zu speichern.<\/p>\n\n\n\n<p>Ein Cookie ist ein kurzes Datenpaket, welches zwischen Webbrowser und Webserver ausgetauscht wird, f\u00fcr diese aber v\u00f6llig bedeutungslos ist und erst f\u00fcr die Webanwendung, z. B. einen Online-Shop, eine Bedeutung erh\u00e4lt, etwa den Inhalt eines virtuellen Warenkorbes.<\/p>\n\n\n\n<p>Es gibt zwei Arten von Cookies: Erstanbieter-Cookies werden von unserer Website erstellt, Drittanbieter-Cookies werden von anderen Websites (z.B. Google Analytics) erstellt.<\/p>\n\n\n\n<p>Man unterscheidet drei Kategorien von Cookies: unbedingt notwendige Cookies um grundlegende Funktionen der Website sicherzustellen, funktionelle Cookies um die Leistung der Webseite sicherzustellen und zielorientierte Cookies um das Benutzererlebnis zu verbessern.<\/p>\n\n\n\n<p>Wir nutzen Cookies, um unsere Webseite nutzerfreundlicher zu gestalten. Einige Cookies bleiben auf Ihrem Endger\u00e4t gespeichert, bis Sie diese l\u00f6schen. Sie erm\u00f6glichen es uns, Ihren Browser beim n\u00e4chsten Besuch wiederzuerkennen.<\/p>\n\n\n\n<h2 class=\"wp-block-heading\">Cookie Einstellungen sehen und Cookies l\u00f6schen<\/h2>\n\n\n\n<p>Wenn Sie feststellen m\u00f6chten, welche Cookies in Ihrem Browser gespeichert wurden, Cookie-Einstellungen \u00e4ndern oder Cookies l\u00f6schen m\u00f6chten, k\u00f6nnen Sie dies in Ihren Browser-Einstellungen finden.<\/p>\n\n\n\n<p>Wenn Sie die Speicherung von Daten in Cookies nicht w\u00fcnschen, so k\u00f6nnen Sie Ihren Browser so einrichten, dass er Sie \u00fcber das Setzen von Cookies informiert und Sie dies nur im Einzelfall erlauben. Sie k\u00f6nnen jederzeit Cookies, die sich bereits auf Ihrem Computer befinden, l\u00f6schen oder Cookies deaktivieren. Die Vorgangsweise dazu ist nach Browser unterschiedlich, am besten Sie suchen die Anleitung in Google mit dem Suchbegriff \u201cCookies l\u00f6schen Chrome\u201d oder \u201eCookies deaktivieren Chrome\u201c im Falle eines Chrome Browsers oder tauschen das Wort \u201eChrome\u201c gegen den Namen Ihres Browsers, z. B. Edge, Firefox, Safari etc. aus.<\/p>\n\n\n\n<p>Wenn Sie uns generell nicht gestatten, Cookies zu nutzen, d.h. diese per Browsereinstellung deaktivieren, dann k\u00f6nnen manche Funktionen und Seiten nicht wie erwartet funktionieren.<\/p>\n\n\n\n<h2 class=\"wp-block-heading\">Google Fonts Datenschutzerkl\u00e4rung<\/h2>\n\n\n\n<p>Wir verwenden Google Fonts der Firma Google Inc. (1600 Amphitheatre Parkway Mountain View, CA 94043, USA) auf unserer Webseite. Die Verwendung von Google Fonts erfolgt ohne Authentisierung und es werden keine Cookies and die Google Fonts API gesendet. Sollten Sie ein Konto bei Google haben, werden keine Ihrer Google-Kontodaten an Google w\u00e4hrend der Nutzung von Google Fonts \u00fcbermittelt. Google erfasst lediglich die Nutzung von CSS und der verwendeten Fonts und speichert diese Daten sicher. Mehr zu diesen und weiteren Fragen finden Sie auf <a href=\"https:\/\/developers.google.com\/fonts\/faq\">https:\/\/developers.google.com\/fonts\/faq<\/a>.<\/p>\n\n\n\n<p>Welche Daten von Google erfasst werden und wof\u00fcr diese Daten verwendet werden, k\u00f6nnen Sie auf <a href=\"https:\/\/www.google.com\/intl\/de\/policies\/privacy\/\">https:\/\/www.google.com\/intl\/de\/policies\/privacy\/<\/a> nachlesen.<\/p>\n\n\n\n<h2 class=\"wp-block-heading\">Eingebettete Social Media Elemente Datenschutzerkl\u00e4rung<\/h2>\n\n\n\n<p>Wir binden auf unserer Webseite Elemente von Social Media Diensten ein um Bilder, Videos und Texte anzuzeigen.<\/p>\n\n\n\n<p>Durch den Besuch von Seiten die diese Elemente darstellen, werden Daten von Ihrem Browser zum jeweiligen Social Media Dienst \u00fcbertragen und dort gespeichert. Wir haben keinen Zugriff auf diese Daten.<\/p>\n\n\n\n<p>Die folgenden Links f\u00fchren Sie zu den Seiten der jeweiligen Social Media Dienste wo erkl\u00e4rt wird, wie diese mit Ihren Daten umgehen:<\/p>\n\n\n\n<ul class=\"wp-block-list\">\n<li>Instagram-Datenschutzrichtlinie: <a href=\"https:\/\/help.instagram.com\/519522125107875\">https:\/\/help.instagram.com\/519522125107875<\/a><\/li>\n\n\n\n<li>F\u00fcr YouTube gilt die Google Datenschutzerkl\u00e4rung: <a href=\"https:\/\/policies.google.com\/privacy?hl=de\">https:\/\/policies.google.com\/privacy?hl=de<\/a><\/li>\n\n\n\n<li>Facebook-Datenrichtline: <a href=\"https:\/\/www.facebook.com\/about\/privacy\">https:\/\/www.facebook.com\/about\/privacy<\/a><\/li>\n\n\n\n<li>Twitter Datenschutzrichtlinie: <a href=\"https:\/\/twitter.com\/de\/privacy\">https:\/\/twitter.com\/de\/privacy<\/a><\/li>\n<\/ul>\n\n\n\n<h2 class=\"wp-block-heading\">Facebook Datenschutzerkl\u00e4rung<\/h2>\n\n\n\n<p>Wir verwenden auf dieser Webseite Funktionen von Facebook, einem Social Media Network der Firma Facebook Ireland Ltd., 4 Grand Canal Square, Grand Canal Harbour, Dublin 2, Ireland.<\/p>\n\n\n\n<p>Welche Funktionen (Soziale Plug-ins) Facebook bereitstellt, k\u00f6nnen Sie auf <a href=\"https:\/\/developers.facebook.com\/docs\/plugins\/\">https:\/\/developers.facebook.com\/docs\/plugins\/<\/a> nachlesen.<\/p>\n\n\n\n<p>Durch den Besuch unserer Webseite k\u00f6nnen Informationen an Facebook \u00fcbermittelt werden. Wenn Sie \u00fcber ein Facebook-Konto verf\u00fcgen, kann Facebook diese Daten Ihrem pers\u00f6nlichen Konto zuordnen. Sollten Sie das nicht w\u00fcnschen, melden Sie sich bitte von Facebook ab.<\/p>\n\n\n\n<p>Die Datenschutzrichtlinien, welche Informationen Facebook sammelt und wie sie diese verwenden finden Sie auf <a href=\"https:\/\/www.facebook.com\/policy.php\">https:\/\/www.facebook.com\/policy.php<\/a>.<\/p>\n\n\n\n<h2 class=\"wp-block-heading\">YouTube Datenschutzerkl\u00e4rung<\/h2>\n\n\n\n<p>Wir verwenden auf dieser Seite des Videodienstes YouTube, der Firma YouTube, LLC, 901 Cherry Ave., San Bruno, CA 94066, USA.<\/p>\n\n\n\n<p>Durch das Aufrufen von Seiten unserer Webseite, die YouTube Videos integriert haben, werden Daten an YouTube \u00fcbertragen, gespeichert und ausgewertet.<\/p>\n\n\n\n<p>Sollten Sie ein YouTube-Konto haben und angemeldet sein, werden diese Daten Ihrem pers\u00f6nlichen Konto und den darin gespeicherten Daten zugeordnet.<\/p>\n\n\n\n<p>Welche Daten von Google erfasst werden und wof\u00fcr diese Daten verwendet werden, k\u00f6nnen Sie auf <a href=\"https:\/\/www.google.com\/intl\/de\/policies\/privacy\/\">https:\/\/www.google.com\/intl\/de\/policies\/privacy\/<\/a> nachlesen.<\/p>\n\n\n\n<h2 class=\"wp-block-heading\">Facebook-Pixel Datenschutzerkl\u00e4rung<\/h2>\n\n\n\n<p>Wir verwenden auf dieser Webseite das Facebook Pixel von Facebook, einem Social Media Network der Firma Facebook Ireland Ltd., 4 Grand Canal Square, Grand Canal Harbour, Dublin 2, Ireland.<\/p>\n\n\n\n<p>Der auf dieser Seite implementierte Code kann das Verhalten der Besucher auswerten, welche von einer Facebook-Werbung auf diese Webseite gelangt sind. Dies kann zur Verbesserung von Facebook-Werbeanzeigen genutzt werden und diese Daten werden von Facebook erfasst und gespeichert. Die erfassten Daten sind f\u00fcr uns nicht einsehbar sondern nur im Rahmen von Werbeanzeigenschaltungen nutzbar. Durch den Einsatz des Facebook-Pixel-Codes werden auch Cookies gesetzt.<\/p>\n\n\n\n<p>Durch die Nutzung des Facebook-Pixels wird der Besuch dieser Webseite Facebook mitgeteilt, damit Besucher auf Facebook passende Anzeigen zu sehen bekommen. Wenn Sie ein Facebook-Konto besitzen und angemeldet sind, wird der Besuch dieser Webseite Ihrem Facebook-Benutzerkonto zugeordnet.<\/p>\n\n\n\n<p>Wie das Facebook-Pixel f\u00fcr Werbekampagnen genutzt wird, erfahren Sie auf <a href=\"https:\/\/www.facebook.com\/business\/learn\/facebook-ads-pixel\">https:\/\/www.facebook.com\/business\/learn\/facebook-ads-pixel<\/a>.<\/p>\n\n\n\n<p>Sie k\u00f6nnen Ihre Einstellungen f\u00fcr Werbeanzeigen in Facebook auf <a href=\"https:\/\/www.facebook.com\/ads\/preferences\/?entry_product=ad_settings_screen\">https:\/\/www.facebook.com\/ads\/preferences\/?entry_product=ad_settings_screen<\/a> ver\u00e4ndern, sofern Sie in Facebook angemeldet sind. Auf <a href=\"http:\/\/www.youronlinechoices.com\/de\/praferenzmanagement\/\">http:\/\/www.youronlinechoices.com\/de\/praferenzmanagement\/<\/a> k\u00f6nnen Sie Ihre Pr\u00e4ferenzen hinsichtlich nutzungsbasierter Online-Werbung verwalten. Sie k\u00f6nnen dort viele Anbieter auf einmal deaktivieren oder aktivieren oder die Einstellungen f\u00fcr einzelne Anbieter vornehmen.<\/p>\n\n\n\n<p>Mehr Informationen zur Datenrichtlinie von Facebook finden Sie auf <a href=\"https:\/\/www.facebook.com\/policy.php\">https:\/\/www.facebook.com\/policy.php<\/a>.<\/p>\n","protected":false},"excerpt":{"rendered":"<p>Datenschutzerkl\u00e4rung Datenschutz Wir haben diese Datenschutzerkl\u00e4rung verfasst, um Ihnen gem\u00e4\u00df der Vorgaben der Datenschutz-Grundverordnung (EU) 2016\/679 und dem Datenschutzgesetz (DSG) zu erkl\u00e4ren, welche Informationen wir sammeln, wie wir Daten verwenden und welche Entscheidungsm\u00f6glichkeiten Sie als Besucher dieser Webseite haben. Leider liegt es in der Natur der Sache, dass diese Erkl\u00e4rungen sehr technisch klingen, wir haben [&hellip;]<\/p>\n","protected":false},"author":1,"featured_media":0,"parent":0,"menu_order":0,"comment_status":"closed","ping_status":"closed","template":"","meta":{"inline_featured_image":false,"_editorskit_title_hidden":true,"_editorskit_reading_time":0,"_editorskit_is_block_options_detached":false,"_editorskit_block_options_position":"{}","footnotes":""},"class_list":["post-25","page","type-page","status-publish","hentry"],"_links":{"self":[{"href":"https:\/\/www.amasing-people.com\/de\/wp-json\/wp\/v2\/pages\/25","targetHints":{"allow":["GET"]}}],"collection":[{"href":"https:\/\/www.amasing-people.com\/de\/wp-json\/wp\/v2\/pages"}],"about":[{"href":"https:\/\/www.amasing-people.com\/de\/wp-json\/wp\/v2\/types\/page"}],"author":[{"embeddable":true,"href":"https:\/\/www.amasing-people.com\/de\/wp-json\/wp\/v2\/users\/1"}],"replies":[{"embeddable":true,"href":"https:\/\/www.amasing-people.com\/de\/wp-json\/wp\/v2\/comments?post=25"}],"version-history":[{"count":2,"href":"https:\/\/www.amasing-people.com\/de\/wp-json\/wp\/v2\/pages\/25\/revisions"}],"predecessor-version":[{"id":39,"href":"https:\/\/www.amasing-people.com\/de\/wp-json\/wp\/v2\/pages\/25\/revisions\/39"}],"wp:attachment":[{"href":"https:\/\/www.amasing-people.com\/de\/wp-json\/wp\/v2\/media?parent=25"}],"curies":[{"name":"wp","href":"https:\/\/api.w.org\/{rel}","templated":true}]}}